{"id":7780,"date":"2024-07-19T23:53:15","date_gmt":"2024-07-19T23:53:15","guid":{"rendered":"https:\/\/polarisnorte.cl\/?page_id=7780"},"modified":"2024-07-29T13:32:38","modified_gmt":"2024-07-29T13:32:38","slug":"politicas-de-privacidad","status":"publish","type":"page","link":"https:\/\/polarisnorte.cl\/index.php\/politicas-de-privacidad\/","title":{"rendered":"Pol\u00edticas de Privacidad"},"content":{"rendered":"\t\t<div data-elementor-type=\"wp-page\" data-elementor-id=\"7780\" class=\"elementor elementor-7780\">\n\t\t\t\t<div class=\"elementor-element elementor-element-771cd54 e-flex e-con-boxed e-con e-parent\" data-id=\"771cd54\" data-element_type=\"container\">\n\t\t\t\t\t<div class=\"e-con-inner\">\n\t\t<div class=\"elementor-element elementor-element-e8fc666 e-con-full e-flex e-con e-child\" data-id=\"e8fc666\" data-element_type=\"container\">\n\t\t\t\t<div class=\"elementor-element elementor-element-1041470 elementor-widget elementor-widget-zermatt_core_section_title\" data-id=\"1041470\" data-element_type=\"widget\" data-widget_type=\"zermatt_core_section_title.default\">\n\t\t\t\t<div class=\"elementor-widget-container\">\n\t\t\t<div class=\"qodef-shortcode qodef-m  qodef-section-title qodef-alignment--left \">\n\t\t\t<h1 class=\"qodef-m-title\" >\n\t\t\t\t\tPol\u00edticas de Privacidad\t\t\t<\/h1>\n\t\t<\/div>\t\t<\/div>\n\t\t\t\t<\/div>\n\t\t\t\t<\/div>\n\t\t\t\t\t<\/div>\n\t\t\t\t<\/div>\n\t\t<div class=\"elementor-element elementor-element-128c75f e-flex e-con-boxed e-con e-parent\" data-id=\"128c75f\" data-element_type=\"container\">\n\t\t\t\t\t<div class=\"e-con-inner\">\n\t\t<div class=\"elementor-element elementor-element-6291691 e-con-full e-flex e-con e-child\" data-id=\"6291691\" data-element_type=\"container\">\n\t\t\t\t<div class=\"elementor-element elementor-element-2848676 elementor-widget elementor-widget-text-editor\" data-id=\"2848676\" data-element_type=\"widget\" data-widget_type=\"text-editor.default\">\n\t\t\t\t<div class=\"elementor-widget-container\">\n\t\t\t\t\t\t\t<p><strong>Polaris Norte<\/strong> (polarisnorte.cl) se compromete a proteger la privacidad de sus usuarios. Esta pol\u00edtica de privacidad explica c\u00f3mo recopilamos, usamos y protegemos la informaci\u00f3n personal que usted nos proporciona a trav\u00e9s de nuestro sitio web.<\/p>\t\t\t\t\t\t<\/div>\n\t\t\t\t<\/div>\n\t\t\t\t<\/div>\n\t\t\t\t\t<\/div>\n\t\t\t\t<\/div>\n\t\t<div class=\"elementor-element elementor-element-2db799a e-flex e-con-boxed e-con e-parent\" data-id=\"2db799a\" data-element_type=\"container\">\n\t\t\t\t\t<div class=\"e-con-inner\">\n\t\t<div class=\"elementor-element elementor-element-0da375e e-con-full e-flex e-con e-child\" data-id=\"0da375e\" data-element_type=\"container\">\n\t\t\t\t<div class=\"elementor-element elementor-element-8b59065 elementor-widget elementor-widget-zermatt_core_section_title\" data-id=\"8b59065\" data-element_type=\"widget\" data-widget_type=\"zermatt_core_section_title.default\">\n\t\t\t\t<div class=\"elementor-widget-container\">\n\t\t\t<div class=\"qodef-shortcode qodef-m  qodef-section-title qodef-alignment--left \">\n\t\t\t<h4 class=\"qodef-m-title\" >\n\t\t\t\t\tInformaci\u00f3n que Recopilamos\t\t\t<\/h4>\n\t\t<\/div>\t\t<\/div>\n\t\t\t\t<\/div>\n\t\t\t\t<div class=\"elementor-element elementor-element-2758920 elementor-widget elementor-widget-text-editor\" data-id=\"2758920\" data-element_type=\"widget\" data-widget_type=\"text-editor.default\">\n\t\t\t\t<div class=\"elementor-widget-container\">\n\t\t\t\t\t\t\t<ul><li><strong>Informaci\u00f3n Personal<\/strong>: Podemos recopilar informaci\u00f3n como nombre, direcci\u00f3n de correo electr\u00f3nico, n\u00famero de tel\u00e9fono y otra informaci\u00f3n de contacto cuando usted se registra en nuestro sitio, suscribe a nuestro bolet\u00edn o se pone en contacto con nosotros.<\/li><li><strong>Informaci\u00f3n de Uso<\/strong>: Recopilamos informaci\u00f3n sobre c\u00f3mo interact\u00faa con nuestro sitio, incluyendo su direcci\u00f3n IP, tipo de navegador, p\u00e1ginas visitadas y tiempo de visita.<\/li><\/ul>\t\t\t\t\t\t<\/div>\n\t\t\t\t<\/div>\n\t\t\t\t<\/div>\n\t\t\t\t\t<\/div>\n\t\t\t\t<\/div>\n\t\t<div class=\"elementor-element elementor-element-a4372d7 e-flex e-con-boxed e-con e-parent\" data-id=\"a4372d7\" data-element_type=\"container\">\n\t\t\t\t\t<div class=\"e-con-inner\">\n\t\t<div class=\"elementor-element elementor-element-b4acef7 e-con-full e-flex e-con e-child\" data-id=\"b4acef7\" data-element_type=\"container\">\n\t\t\t\t<div class=\"elementor-element elementor-element-e96b8df elementor-widget elementor-widget-zermatt_core_section_title\" data-id=\"e96b8df\" data-element_type=\"widget\" data-widget_type=\"zermatt_core_section_title.default\">\n\t\t\t\t<div class=\"elementor-widget-container\">\n\t\t\t<div class=\"qodef-shortcode qodef-m  qodef-section-title qodef-alignment--left \">\n\t\t\t<h4 class=\"qodef-m-title\" >\n\t\t\t\t\tUso de la Informaci\u00f3n\t\t\t<\/h4>\n\t\t<\/div>\t\t<\/div>\n\t\t\t\t<\/div>\n\t\t\t\t<div class=\"elementor-element elementor-element-8b5871a elementor-widget elementor-widget-text-editor\" data-id=\"8b5871a\" data-element_type=\"widget\" data-widget_type=\"text-editor.default\">\n\t\t\t\t<div class=\"elementor-widget-container\">\n\t\t\t\t\t\t\t<ul><li><strong>Proveer Servicios<\/strong>: Utilizamos su informaci\u00f3n para responder a sus consultas, enviar boletines informativos, y proporcionar informaci\u00f3n sobre nuestros servicios.<\/li><li><strong>Mejorar Nuestro Sitio<\/strong>: Analizamos el uso del sitio para mejorar su funcionamiento y contenido.<\/li><li><strong>Comunicaci\u00f3n<\/strong>: Podemos utilizar su informaci\u00f3n de contacto para enviarle actualizaciones sobre nuestros servicios y promociones, con su consentimiento.<\/li><\/ul>\t\t\t\t\t\t<\/div>\n\t\t\t\t<\/div>\n\t\t\t\t<\/div>\n\t\t\t\t\t<\/div>\n\t\t\t\t<\/div>\n\t\t<div class=\"elementor-element elementor-element-8260389 e-flex e-con-boxed e-con e-parent\" data-id=\"8260389\" data-element_type=\"container\">\n\t\t\t\t\t<div class=\"e-con-inner\">\n\t\t<div class=\"elementor-element elementor-element-353913e e-con-full e-flex e-con e-child\" data-id=\"353913e\" data-element_type=\"container\">\n\t\t\t\t<div class=\"elementor-element elementor-element-35c6430 elementor-widget elementor-widget-zermatt_core_section_title\" data-id=\"35c6430\" data-element_type=\"widget\" data-widget_type=\"zermatt_core_section_title.default\">\n\t\t\t\t<div class=\"elementor-widget-container\">\n\t\t\t<div class=\"qodef-shortcode qodef-m  qodef-section-title qodef-alignment--left \">\n\t\t\t<h4 class=\"qodef-m-title\" >\n\t\t\t\t\tProtecci\u00f3n de la Informaci\u00f3n\t\t\t<\/h4>\n\t\t<\/div>\t\t<\/div>\n\t\t\t\t<\/div>\n\t\t\t\t<div class=\"elementor-element elementor-element-aeae275 elementor-widget elementor-widget-text-editor\" data-id=\"aeae275\" data-element_type=\"widget\" data-widget_type=\"text-editor.default\">\n\t\t\t\t<div class=\"elementor-widget-container\">\n\t\t\t\t\t\t\t<ul><li>Adoptamos medidas de seguridad adecuadas para proteger su informaci\u00f3n personal contra el acceso no autorizado, alteraci\u00f3n, divulgaci\u00f3n o destrucci\u00f3n.<\/li><\/ul>\t\t\t\t\t\t<\/div>\n\t\t\t\t<\/div>\n\t\t\t\t<\/div>\n\t\t\t\t\t<\/div>\n\t\t\t\t<\/div>\n\t\t<div class=\"elementor-element elementor-element-54c9466 e-flex e-con-boxed e-con e-parent\" data-id=\"54c9466\" data-element_type=\"container\">\n\t\t\t\t\t<div class=\"e-con-inner\">\n\t\t<div class=\"elementor-element elementor-element-0811c45 e-con-full e-flex e-con e-child\" data-id=\"0811c45\" data-element_type=\"container\">\n\t\t\t\t<div class=\"elementor-element elementor-element-07e33cb elementor-widget elementor-widget-zermatt_core_section_title\" data-id=\"07e33cb\" data-element_type=\"widget\" data-widget_type=\"zermatt_core_section_title.default\">\n\t\t\t\t<div class=\"elementor-widget-container\">\n\t\t\t<div class=\"qodef-shortcode qodef-m  qodef-section-title qodef-alignment--left \">\n\t\t\t<h4 class=\"qodef-m-title\" >\n\t\t\t\t\tCompartir Informaci\u00f3n\t\t\t<\/h4>\n\t\t<\/div>\t\t<\/div>\n\t\t\t\t<\/div>\n\t\t\t\t<div class=\"elementor-element elementor-element-507771c elementor-widget elementor-widget-text-editor\" data-id=\"507771c\" data-element_type=\"widget\" data-widget_type=\"text-editor.default\">\n\t\t\t\t<div class=\"elementor-widget-container\">\n\t\t\t\t\t\t\t<ul><li>No compartimos su informaci\u00f3n personal con terceros, excepto cuando sea necesario para proporcionar nuestros servicios o cuando lo requiera la ley.<\/li><\/ul>\t\t\t\t\t\t<\/div>\n\t\t\t\t<\/div>\n\t\t\t\t<\/div>\n\t\t\t\t\t<\/div>\n\t\t\t\t<\/div>\n\t\t<div class=\"elementor-element elementor-element-dee0256 e-flex e-con-boxed e-con e-parent\" data-id=\"dee0256\" data-element_type=\"container\">\n\t\t\t\t\t<div class=\"e-con-inner\">\n\t\t<div class=\"elementor-element elementor-element-db1a958 e-con-full e-flex e-con e-child\" data-id=\"db1a958\" data-element_type=\"container\">\n\t\t\t\t<div class=\"elementor-element elementor-element-2cc9625 elementor-widget elementor-widget-zermatt_core_section_title\" data-id=\"2cc9625\" data-element_type=\"widget\" data-widget_type=\"zermatt_core_section_title.default\">\n\t\t\t\t<div class=\"elementor-widget-container\">\n\t\t\t<div class=\"qodef-shortcode qodef-m  qodef-section-title qodef-alignment--left \">\n\t\t\t<h4 class=\"qodef-m-title\" >\n\t\t\t\t\tSus Derechos\t\t\t<\/h4>\n\t\t<\/div>\t\t<\/div>\n\t\t\t\t<\/div>\n\t\t\t\t<div class=\"elementor-element elementor-element-17d7d9c elementor-widget elementor-widget-text-editor\" data-id=\"17d7d9c\" data-element_type=\"widget\" data-widget_type=\"text-editor.default\">\n\t\t\t\t<div class=\"elementor-widget-container\">\n\t\t\t\t\t\t\t<ul><li>Usted tiene derecho a acceder, rectificar y eliminar su informaci\u00f3n personal en cualquier momento. Para ejercer estos derechos, puede ponerse en contacto con nosotros a trav\u00e9s de nuestro sitio web.<\/li><\/ul>\t\t\t\t\t\t<\/div>\n\t\t\t\t<\/div>\n\t\t\t\t<\/div>\n\t\t\t\t\t<\/div>\n\t\t\t\t<\/div>\n\t\t\t\t<\/div>\n\t\t","protected":false},"excerpt":{"rendered":"<p>Pol\u00edticas de Privacidad Polaris Norte (polarisnorte.cl) se compromete a proteger la privacidad de sus usuarios. Esta pol\u00edtica de privacidad explica c\u00f3mo recopilamos, usamos y protegemos la informaci\u00f3n personal que usted nos proporciona a trav\u00e9s de nuestro sitio web. Informaci\u00f3n que Recopilamos Informaci\u00f3n Personal: Podemos recopilar informaci\u00f3n como nombre, direcci\u00f3n de correo electr\u00f3nico, n\u00famero de tel\u00e9fono [&hellip;]<\/p>\n","protected":false},"author":1,"featured_media":0,"parent":0,"menu_order":0,"comment_status":"closed","ping_status":"closed","template":"","meta":{"om_disable_all_campaigns":false,"_monsterinsights_skip_tracking":false,"_monsterinsights_sitenote_active":false,"_monsterinsights_sitenote_note":"","_monsterinsights_sitenote_category":0,"_uf_show_specific_survey":0,"_uf_disable_surveys":false,"footnotes":""},"class_list":["post-7780","page","type-page","status-publish","hentry"],"yoast_head":"<!-- This site is optimized with the Yoast SEO plugin v23.5 - https:\/\/yoast.com\/wordpress\/plugins\/seo\/ -->\n<title>Pol\u00edticas de Privacidad - Polaris Norte<\/title>\n<meta name=\"robots\" content=\"index, follow, max-snippet:-1, max-image-preview:large, max-video-preview:-1\" \/>\n<link rel=\"canonical\" href=\"https:\/\/polarisnorte.cl\/index.php\/politicas-de-privacidad\/\" \/>\n<meta property=\"og:locale\" content=\"es_ES\" \/>\n<meta property=\"og:type\" content=\"article\" \/>\n<meta property=\"og:title\" content=\"Pol\u00edticas de Privacidad - Polaris Norte\" \/>\n<meta property=\"og:description\" content=\"Pol\u00edticas de Privacidad Polaris Norte (polarisnorte.cl) se compromete a proteger la privacidad de sus usuarios. Esta pol\u00edtica de privacidad explica c\u00f3mo recopilamos, usamos y protegemos la informaci\u00f3n personal que usted nos proporciona a trav\u00e9s de nuestro sitio web. Informaci\u00f3n que Recopilamos Informaci\u00f3n Personal: Podemos recopilar informaci\u00f3n como nombre, direcci\u00f3n de correo electr\u00f3nico, n\u00famero de tel\u00e9fono [&hellip;]\" \/>\n<meta property=\"og:url\" content=\"https:\/\/polarisnorte.cl\/index.php\/politicas-de-privacidad\/\" \/>\n<meta property=\"og:site_name\" content=\"Polaris Norte\" \/>\n<meta property=\"article:modified_time\" content=\"2024-07-29T13:32:38+00:00\" \/>\n<meta name=\"twitter:card\" content=\"summary_large_image\" \/>\n<meta name=\"twitter:label1\" content=\"Tiempo estimado de lectura\" \/>\n\t<meta name=\"twitter:data1\" content=\"1 minuto\" \/>\n<script type=\"application\/ld+json\" class=\"yoast-schema-graph\">{\"@context\":\"https:\/\/schema.org\",\"@graph\":[{\"@type\":\"WebPage\",\"@id\":\"https:\/\/polarisnorte.cl\/index.php\/politicas-de-privacidad\/\",\"url\":\"https:\/\/polarisnorte.cl\/index.php\/politicas-de-privacidad\/\",\"name\":\"Pol\u00edticas de Privacidad - Polaris Norte\",\"isPartOf\":{\"@id\":\"https:\/\/polarisnorte.cl\/#website\"},\"datePublished\":\"2024-07-19T23:53:15+00:00\",\"dateModified\":\"2024-07-29T13:32:38+00:00\",\"breadcrumb\":{\"@id\":\"https:\/\/polarisnorte.cl\/index.php\/politicas-de-privacidad\/#breadcrumb\"},\"inLanguage\":\"es-CL\",\"potentialAction\":[{\"@type\":\"ReadAction\",\"target\":[\"https:\/\/polarisnorte.cl\/index.php\/politicas-de-privacidad\/\"]}]},{\"@type\":\"BreadcrumbList\",\"@id\":\"https:\/\/polarisnorte.cl\/index.php\/politicas-de-privacidad\/#breadcrumb\",\"itemListElement\":[{\"@type\":\"ListItem\",\"position\":1,\"name\":\"P\u00e1gina Principal\",\"item\":\"https:\/\/polarisnorte.cl\/\"},{\"@type\":\"ListItem\",\"position\":2,\"name\":\"Pol\u00edticas de Privacidad\"}]},{\"@type\":\"WebSite\",\"@id\":\"https:\/\/polarisnorte.cl\/#website\",\"url\":\"https:\/\/polarisnorte.cl\/\",\"name\":\"Polaris Norte Comunicaciones\",\"description\":\"Agencia de Comunicaciones\",\"publisher\":{\"@id\":\"https:\/\/polarisnorte.cl\/#organization\"},\"alternateName\":\"https:\/\/polarisnorte.cl\",\"potentialAction\":[{\"@type\":\"SearchAction\",\"target\":{\"@type\":\"EntryPoint\",\"urlTemplate\":\"https:\/\/polarisnorte.cl\/?s={search_term_string}\"},\"query-input\":{\"@type\":\"PropertyValueSpecification\",\"valueRequired\":true,\"valueName\":\"search_term_string\"}}],\"inLanguage\":\"es-CL\"},{\"@type\":\"Organization\",\"@id\":\"https:\/\/polarisnorte.cl\/#organization\",\"name\":\"Agencia de Comunicaciones Polaris Norte\",\"alternateName\":\"Polaris Norte Comunicaciones\",\"url\":\"https:\/\/polarisnorte.cl\/\",\"logo\":{\"@type\":\"ImageObject\",\"inLanguage\":\"es-CL\",\"@id\":\"https:\/\/polarisnorte.cl\/#\/schema\/logo\/image\/\",\"url\":\"https:\/\/polarisnorte.cl\/wp-content\/uploads\/2024\/09\/Recurso-31.png\",\"contentUrl\":\"https:\/\/polarisnorte.cl\/wp-content\/uploads\/2024\/09\/Recurso-31.png\",\"width\":1394,\"height\":1394,\"caption\":\"Agencia de Comunicaciones Polaris Norte\"},\"image\":{\"@id\":\"https:\/\/polarisnorte.cl\/#\/schema\/logo\/image\/\"}}]}<\/script>\n<!-- \/ Yoast SEO plugin. -->","yoast_head_json":{"title":"Pol\u00edticas de Privacidad - Polaris Norte","robots":{"index":"index","follow":"follow","max-snippet":"max-snippet:-1","max-image-preview":"max-image-preview:large","max-video-preview":"max-video-preview:-1"},"canonical":"https:\/\/polarisnorte.cl\/index.php\/politicas-de-privacidad\/","og_locale":"es_ES","og_type":"article","og_title":"Pol\u00edticas de Privacidad - Polaris Norte","og_description":"Pol\u00edticas de Privacidad Polaris Norte (polarisnorte.cl) se compromete a proteger la privacidad de sus usuarios. Esta pol\u00edtica de privacidad explica c\u00f3mo recopilamos, usamos y protegemos la informaci\u00f3n personal que usted nos proporciona a trav\u00e9s de nuestro sitio web. Informaci\u00f3n que Recopilamos Informaci\u00f3n Personal: Podemos recopilar informaci\u00f3n como nombre, direcci\u00f3n de correo electr\u00f3nico, n\u00famero de tel\u00e9fono [&hellip;]","og_url":"https:\/\/polarisnorte.cl\/index.php\/politicas-de-privacidad\/","og_site_name":"Polaris Norte","article_modified_time":"2024-07-29T13:32:38+00:00","twitter_card":"summary_large_image","twitter_misc":{"Tiempo estimado de lectura":"1 minuto"},"schema":{"@context":"https:\/\/schema.org","@graph":[{"@type":"WebPage","@id":"https:\/\/polarisnorte.cl\/index.php\/politicas-de-privacidad\/","url":"https:\/\/polarisnorte.cl\/index.php\/politicas-de-privacidad\/","name":"Pol\u00edticas de Privacidad - Polaris Norte","isPartOf":{"@id":"https:\/\/polarisnorte.cl\/#website"},"datePublished":"2024-07-19T23:53:15+00:00","dateModified":"2024-07-29T13:32:38+00:00","breadcrumb":{"@id":"https:\/\/polarisnorte.cl\/index.php\/politicas-de-privacidad\/#breadcrumb"},"inLanguage":"es-CL","potentialAction":[{"@type":"ReadAction","target":["https:\/\/polarisnorte.cl\/index.php\/politicas-de-privacidad\/"]}]},{"@type":"BreadcrumbList","@id":"https:\/\/polarisnorte.cl\/index.php\/politicas-de-privacidad\/#breadcrumb","itemListElement":[{"@type":"ListItem","position":1,"name":"P\u00e1gina Principal","item":"https:\/\/polarisnorte.cl\/"},{"@type":"ListItem","position":2,"name":"Pol\u00edticas de Privacidad"}]},{"@type":"WebSite","@id":"https:\/\/polarisnorte.cl\/#website","url":"https:\/\/polarisnorte.cl\/","name":"Polaris Norte Comunicaciones","description":"Agencia de Comunicaciones","publisher":{"@id":"https:\/\/polarisnorte.cl\/#organization"},"alternateName":"https:\/\/polarisnorte.cl","potentialAction":[{"@type":"SearchAction","target":{"@type":"EntryPoint","urlTemplate":"https:\/\/polarisnorte.cl\/?s={search_term_string}"},"query-input":{"@type":"PropertyValueSpecification","valueRequired":true,"valueName":"search_term_string"}}],"inLanguage":"es-CL"},{"@type":"Organization","@id":"https:\/\/polarisnorte.cl\/#organization","name":"Agencia de Comunicaciones Polaris Norte","alternateName":"Polaris Norte Comunicaciones","url":"https:\/\/polarisnorte.cl\/","logo":{"@type":"ImageObject","inLanguage":"es-CL","@id":"https:\/\/polarisnorte.cl\/#\/schema\/logo\/image\/","url":"https:\/\/polarisnorte.cl\/wp-content\/uploads\/2024\/09\/Recurso-31.png","contentUrl":"https:\/\/polarisnorte.cl\/wp-content\/uploads\/2024\/09\/Recurso-31.png","width":1394,"height":1394,"caption":"Agencia de Comunicaciones Polaris Norte"},"image":{"@id":"https:\/\/polarisnorte.cl\/#\/schema\/logo\/image\/"}}]}},"_links":{"self":[{"href":"https:\/\/polarisnorte.cl\/index.php\/wp-json\/wp\/v2\/pages\/7780"}],"collection":[{"href":"https:\/\/polarisnorte.cl\/index.php\/wp-json\/wp\/v2\/pages"}],"about":[{"href":"https:\/\/polarisnorte.cl\/index.php\/wp-json\/wp\/v2\/types\/page"}],"author":[{"embeddable":true,"href":"https:\/\/polarisnorte.cl\/index.php\/wp-json\/wp\/v2\/users\/1"}],"replies":[{"embeddable":true,"href":"https:\/\/polarisnorte.cl\/index.php\/wp-json\/wp\/v2\/comments?post=7780"}],"version-history":[{"count":8,"href":"https:\/\/polarisnorte.cl\/index.php\/wp-json\/wp\/v2\/pages\/7780\/revisions"}],"predecessor-version":[{"id":7913,"href":"https:\/\/polarisnorte.cl\/index.php\/wp-json\/wp\/v2\/pages\/7780\/revisions\/7913"}],"wp:attachment":[{"href":"https:\/\/polarisnorte.cl\/index.php\/wp-json\/wp\/v2\/media?parent=7780"}],"curies":[{"name":"wp","href":"https:\/\/api.w.org\/{rel}","templated":true}]}}