{"id":7960,"date":"2024-09-10T22:09:57","date_gmt":"2024-09-10T22:09:57","guid":{"rendered":"https:\/\/polarisnorte.cl\/?page_id=7960"},"modified":"2024-09-30T20:28:14","modified_gmt":"2024-09-30T20:28:14","slug":"analisis-estrategico-2","status":"publish","type":"page","link":"https:\/\/polarisnorte.cl\/index.php\/analisis-estrategico-2\/","title":{"rendered":"Analisis Estrat\u00e9gico"},"content":{"rendered":"\t\t<div data-elementor-type=\"wp-page\" data-elementor-id=\"7960\" class=\"elementor elementor-7960\">\n\t\t\t\t\t\t<section class=\"elementor-section elementor-top-section elementor-element elementor-element-f65f917 qodef-elementor-content-grid elementor-section-boxed elementor-section-height-default elementor-section-height-default qodef-elementor-stretch-row-no qodef-elementor-overlay-no\" data-id=\"f65f917\" data-element_type=\"section\">\n\t\t\t\t\t\t<div class=\"elementor-container elementor-column-gap-default\">\n\t\t\t\t\t<div class=\"elementor-column elementor-col-100 elementor-top-column elementor-element elementor-element-b6803e8\" data-id=\"b6803e8\" data-element_type=\"column\">\n\t\t\t<div class=\"elementor-widget-wrap elementor-element-populated\">\n\t\t\t\t\t\t<div class=\"elementor-element elementor-element-7c919dc elementor-widget elementor-widget-spacer\" data-id=\"7c919dc\" data-element_type=\"widget\" data-widget_type=\"spacer.default\">\n\t\t\t\t<div class=\"elementor-widget-container\">\n\t\t\t\t\t<div class=\"elementor-spacer\">\n\t\t\t<div class=\"elementor-spacer-inner\"><\/div>\n\t\t<\/div>\n\t\t\t\t<\/div>\n\t\t\t\t<\/div>\n\t\t\t\t<div class=\"elementor-element elementor-element-c3c8e4a elementor-widget elementor-widget-qi_addons_for_elementor_section_title\" data-id=\"c3c8e4a\" data-element_type=\"widget\" data-widget_type=\"qi_addons_for_elementor_section_title.default\">\n\t\t\t\t<div class=\"elementor-widget-container\">\n\t\t\t<div class=\"qodef-shortcode qodef-m  qodef-qi-section-title  qodef-decoration--italic  qodef-link--underline-draw qodef-subtitle-icon--left\">\n\t\t\t\t\t\t<h1 class=\"qodef-m-title\">\n\t\tAn\u00e1lisis Estrat\u00e9gico\t<\/h1>\n\t\t\t<\/div>\n\t\t<\/div>\n\t\t\t\t<\/div>\n\t\t\t\t<div class=\"elementor-element elementor-element-d29a0c6 elementor-widget elementor-widget-qi_addons_for_elementor_section_title\" data-id=\"d29a0c6\" data-element_type=\"widget\" data-widget_type=\"qi_addons_for_elementor_section_title.default\">\n\t\t\t\t<div class=\"elementor-widget-container\">\n\t\t\t<div class=\"qodef-shortcode qodef-m  qodef-qi-section-title  qodef-decoration--italic  qodef-link--underline-draw qodef-subtitle-icon--left\">\n\t\t\t\t\t\t<h1 class=\"qodef-m-title\">\n\t\tAlineando Capacidades y Prop\u00f3sito\t<\/h1>\n\t\t\t<\/div>\n\t\t<\/div>\n\t\t\t\t<\/div>\n\t\t\t\t\t<\/div>\n\t\t<\/div>\n\t\t\t\t\t<\/div>\n\t\t<\/section>\n\t\t<div class=\"elementor-element elementor-element-c7f8af6 e-con-full e-flex e-con e-parent\" data-id=\"c7f8af6\" data-element_type=\"container\">\n\t\t<div class=\"elementor-element elementor-element-7c6e556 e-con-full e-flex e-con e-child\" data-id=\"7c6e556\" data-element_type=\"container\">\n\t\t\t\t<div class=\"elementor-element elementor-element-b0816d8 elementor-widget-divider--view-line elementor-widget elementor-widget-divider\" data-id=\"b0816d8\" data-element_type=\"widget\" data-widget_type=\"divider.default\">\n\t\t\t\t<div class=\"elementor-widget-container\">\n\t\t\t\t\t<div class=\"elementor-divider\">\n\t\t\t<span class=\"elementor-divider-separator\">\n\t\t\t\t\t\t<\/span>\n\t\t<\/div>\n\t\t\t\t<\/div>\n\t\t\t\t<\/div>\n\t\t\t\t<\/div>\n\t\t\t\t<\/div>\n\t\t\t\t<section class=\"elementor-section elementor-top-section elementor-element elementor-element-2280b9a1 qodef-elementor-content-grid elementor-section-boxed elementor-section-height-default elementor-section-height-default qodef-elementor-stretch-row-no qodef-elementor-overlay-no\" data-id=\"2280b9a1\" data-element_type=\"section\" data-settings=\"{&quot;background_background&quot;:&quot;classic&quot;}\">\n\t\t\t\t\t\t<div class=\"elementor-container elementor-column-gap-default\">\n\t\t\t\t\t<div class=\"elementor-column elementor-col-100 elementor-top-column elementor-element elementor-element-2766a69f\" data-id=\"2766a69f\" data-element_type=\"column\" data-settings=\"{&quot;background_background&quot;:&quot;classic&quot;}\">\n\t\t\t<div class=\"elementor-widget-wrap elementor-element-populated\">\n\t\t\t\t\t\t<div class=\"elementor-element elementor-element-60f45cd elementor-widget elementor-widget-text-editor\" data-id=\"60f45cd\" data-element_type=\"widget\" data-widget_type=\"text-editor.default\">\n\t\t\t\t<div class=\"elementor-widget-container\">\n\t\t\t\t\t\t\t<ul><li><i><span lang=\"ES-TRAD\"><strong>Evaluaci\u00f3n Integral<\/strong>:<\/span><\/i><span lang=\"ES-TRAD\"> Comprender el entorno interno y externo es esencial. Analiza tendencias, competidores y oportunidades. <\/span><\/li><li><i style=\"text-align: justify;\"><span lang=\"ES-TRAD\"><strong>Imagen Organizacional<\/strong>:<\/span><\/i><span lang=\"ES-TRAD\" style=\"text-align: justify;\"> Eval\u00faa c\u00f3mo se percibe la organizaci\u00f3n en su territorio de influencia. La comunicaci\u00f3n interna y externa es fundamental.<\/span><\/li><li><i style=\"text-align: justify;\"><span lang=\"ES-TRAD\"><strong>Indicadores Claros<\/strong>:<\/span><\/i><span lang=\"ES-TRAD\" style=\"text-align: justify;\"> Define KPIs (indicadores clave de desempe\u00f1o) alineados con los objetivos de la organizaci\u00f3n.<\/span><\/li><li><i style=\"text-align: justify;\"><span lang=\"ES-TRAD\"><strong>Prop\u00f3sito Claro<\/strong>:<\/span><\/i><span lang=\"ES-TRAD\" style=\"text-align: justify;\"> Comunica el prop\u00f3sito de la organizaci\u00f3n tanto interna como externamente.<\/span><\/li><li><i style=\"text-align: justify;\"><span lang=\"ES-TRAD\"><strong>Reordenamiento y Feedback<\/strong>:<\/span><\/i><span lang=\"ES-TRAD\" style=\"text-align: justify;\"> El an\u00e1lisis nos ayuda a reorganizarnos y a generar feedback constructivo para alinear y motivar a nuestros colaboradores.<\/span><\/li><\/ul>\t\t\t\t\t\t<\/div>\n\t\t\t\t<\/div>\n\t\t\t\t\t<\/div>\n\t\t<\/div>\n\t\t\t\t\t<\/div>\n\t\t<\/section>\n\t\t\t\t<section class=\"elementor-section elementor-top-section elementor-element elementor-element-0197738 qodef-elementor-content-grid elementor-section-boxed elementor-section-height-default elementor-section-height-default qodef-elementor-stretch-row-no qodef-elementor-overlay-no\" data-id=\"0197738\" data-element_type=\"section\">\n\t\t\t\t\t\t<div class=\"elementor-container elementor-column-gap-default\">\n\t\t\t\t\t<div class=\"elementor-column elementor-col-100 elementor-top-column elementor-element elementor-element-b981702\" data-id=\"b981702\" data-element_type=\"column\">\n\t\t\t<div class=\"elementor-widget-wrap elementor-element-populated\">\n\t\t\t\t\t\t<div class=\"elementor-element elementor-element-9ff9284 elementor-widget elementor-widget-qi_addons_for_elementor_section_title\" data-id=\"9ff9284\" data-element_type=\"widget\" data-widget_type=\"qi_addons_for_elementor_section_title.default\">\n\t\t\t\t<div class=\"elementor-widget-container\">\n\t\t\t<div class=\"qodef-shortcode qodef-m  qodef-qi-section-title  qodef-decoration--italic  qodef-link--underline-draw qodef-subtitle-icon--left\">\n\t\t\t\t\t\t<h3 class=\"qodef-m-title\">\n\t\tPotencia tu mensaje\t<\/h3>\n\t\t\t<\/div>\n\t\t<\/div>\n\t\t\t\t<\/div>\n\t\t\t\t<div class=\"elementor-element elementor-element-e977b99 elementor-widget elementor-widget-qi_addons_for_elementor_section_title\" data-id=\"e977b99\" data-element_type=\"widget\" data-widget_type=\"qi_addons_for_elementor_section_title.default\">\n\t\t\t\t<div class=\"elementor-widget-container\">\n\t\t\t<div class=\"qodef-shortcode qodef-m  qodef-qi-section-title  qodef-decoration--italic  qodef-link--underline-draw qodef-subtitle-icon--left\">\n\t\t\t\t\t\t<h3 class=\"qodef-m-title\">\n\t\ttu identidad \t<\/h3>\n\t\t\t<\/div>\n\t\t<\/div>\n\t\t\t\t<\/div>\n\t\t\t\t<div class=\"elementor-element elementor-element-b524338 elementor-widget elementor-widget-qi_addons_for_elementor_section_title\" data-id=\"b524338\" data-element_type=\"widget\" data-widget_type=\"qi_addons_for_elementor_section_title.default\">\n\t\t\t\t<div class=\"elementor-widget-container\">\n\t\t\t<div class=\"qodef-shortcode qodef-m  qodef-qi-section-title  qodef-decoration--italic  qodef-link--underline-draw qodef-subtitle-icon--left\">\n\t\t\t\t\t\t<h3 class=\"qodef-m-title\">\n\t\ty tu imagen\t<\/h3>\n\t\t\t<\/div>\n\t\t<\/div>\n\t\t\t\t<\/div>\n\t\t\t\t<div class=\"elementor-element elementor-element-36f2ced elementor-widget elementor-widget-spacer\" data-id=\"36f2ced\" data-element_type=\"widget\" data-widget_type=\"spacer.default\">\n\t\t\t\t<div class=\"elementor-widget-container\">\n\t\t\t\t\t<div class=\"elementor-spacer\">\n\t\t\t<div class=\"elementor-spacer-inner\"><\/div>\n\t\t<\/div>\n\t\t\t\t<\/div>\n\t\t\t\t<\/div>\n\t\t<div class=\"elementor-element elementor-element-5bde3bb e-flex e-con-boxed e-con e-parent\" data-id=\"5bde3bb\" data-element_type=\"container\">\n\t\t\t\t\t<div class=\"e-con-inner\">\n\t\t\t\t<div class=\"elementor-element elementor-element-7a40502 elementor-align-center elementor-widget elementor-widget-button\" data-id=\"7a40502\" data-element_type=\"widget\" data-widget_type=\"button.default\">\n\t\t\t\t<div class=\"elementor-widget-container\">\n\t\t\t\t\t<div class=\"elementor-button-wrapper\">\n\t\t\t<a class=\"elementor-button elementor-button-link elementor-size-sm elementor-animation-buzz-out\" href=\"https:\/\/polarisnorte.cl\/index.php\/contactanos\/\">\n\t\t\t\t\t\t<span class=\"elementor-button-content-wrapper\">\n\t\t\t\t\t\t\t\t\t<span class=\"elementor-button-text\">Cont\u00e1ctanos<\/span>\n\t\t\t\t\t<\/span>\n\t\t\t\t\t<\/a>\n\t\t<\/div>\n\t\t\t\t<\/div>\n\t\t\t\t<\/div>\n\t\t\t\t\t<\/div>\n\t\t\t\t<\/div>\n\t\t\t\t\t<\/div>\n\t\t<\/div>\n\t\t\t\t\t<\/div>\n\t\t<\/section>\n\t\t\t\t<\/div>\n\t\t","protected":false},"excerpt":{"rendered":"<p>An\u00e1lisis Estrat\u00e9gico Alineando Capacidades y Prop\u00f3sito Evaluaci\u00f3n Integral: Comprender el entorno interno y externo es esencial. Analiza tendencias, competidores y oportunidades. Imagen Organizacional: Eval\u00faa c\u00f3mo se percibe la organizaci\u00f3n en su territorio de influencia. La comunicaci\u00f3n interna y externa es fundamental. Indicadores Claros: Define KPIs (indicadores clave de desempe\u00f1o) alineados con los objetivos de la [&hellip;]<\/p>\n","protected":false},"author":1,"featured_media":0,"parent":0,"menu_order":0,"comment_status":"closed","ping_status":"closed","template":"page-full-width.php","meta":{"om_disable_all_campaigns":false,"_monsterinsights_skip_tracking":false,"_monsterinsights_sitenote_active":false,"_monsterinsights_sitenote_note":"","_monsterinsights_sitenote_category":0,"_uf_show_specific_survey":0,"_uf_disable_surveys":false,"footnotes":""},"class_list":["post-7960","page","type-page","status-publish","hentry"],"yoast_head":"<!-- This site is optimized with the Yoast SEO plugin v23.5 - https:\/\/yoast.com\/wordpress\/plugins\/seo\/ -->\n<title>Analisis Estrat\u00e9gico - Polaris Norte<\/title>\n<meta name=\"robots\" content=\"index, follow, max-snippet:-1, max-image-preview:large, max-video-preview:-1\" \/>\n<link rel=\"canonical\" href=\"https:\/\/polarisnorte.cl\/index.php\/analisis-estrategico-2\/\" \/>\n<meta property=\"og:locale\" content=\"es_ES\" \/>\n<meta property=\"og:type\" content=\"article\" \/>\n<meta property=\"og:title\" content=\"Analisis Estrat\u00e9gico - Polaris Norte\" \/>\n<meta property=\"og:description\" content=\"An\u00e1lisis Estrat\u00e9gico Alineando Capacidades y Prop\u00f3sito Evaluaci\u00f3n Integral: Comprender el entorno interno y externo es esencial. Analiza tendencias, competidores y oportunidades. Imagen Organizacional: Eval\u00faa c\u00f3mo se percibe la organizaci\u00f3n en su territorio de influencia. La comunicaci\u00f3n interna y externa es fundamental. Indicadores Claros: Define KPIs (indicadores clave de desempe\u00f1o) alineados con los objetivos de la [&hellip;]\" \/>\n<meta property=\"og:url\" content=\"https:\/\/polarisnorte.cl\/index.php\/analisis-estrategico-2\/\" \/>\n<meta property=\"og:site_name\" content=\"Polaris Norte\" \/>\n<meta property=\"article:modified_time\" content=\"2024-09-30T20:28:14+00:00\" \/>\n<meta name=\"twitter:card\" content=\"summary_large_image\" \/>\n<meta name=\"twitter:label1\" content=\"Tiempo estimado de lectura\" \/>\n\t<meta name=\"twitter:data1\" content=\"1 minuto\" \/>\n<script type=\"application\/ld+json\" class=\"yoast-schema-graph\">{\"@context\":\"https:\/\/schema.org\",\"@graph\":[{\"@type\":\"WebPage\",\"@id\":\"https:\/\/polarisnorte.cl\/index.php\/analisis-estrategico-2\/\",\"url\":\"https:\/\/polarisnorte.cl\/index.php\/analisis-estrategico-2\/\",\"name\":\"Analisis Estrat\u00e9gico - Polaris Norte\",\"isPartOf\":{\"@id\":\"https:\/\/polarisnorte.cl\/#website\"},\"datePublished\":\"2024-09-10T22:09:57+00:00\",\"dateModified\":\"2024-09-30T20:28:14+00:00\",\"breadcrumb\":{\"@id\":\"https:\/\/polarisnorte.cl\/index.php\/analisis-estrategico-2\/#breadcrumb\"},\"inLanguage\":\"es-CL\",\"potentialAction\":[{\"@type\":\"ReadAction\",\"target\":[\"https:\/\/polarisnorte.cl\/index.php\/analisis-estrategico-2\/\"]}]},{\"@type\":\"BreadcrumbList\",\"@id\":\"https:\/\/polarisnorte.cl\/index.php\/analisis-estrategico-2\/#breadcrumb\",\"itemListElement\":[{\"@type\":\"ListItem\",\"position\":1,\"name\":\"P\u00e1gina Principal\",\"item\":\"https:\/\/polarisnorte.cl\/\"},{\"@type\":\"ListItem\",\"position\":2,\"name\":\"Analisis Estrat\u00e9gico\"}]},{\"@type\":\"WebSite\",\"@id\":\"https:\/\/polarisnorte.cl\/#website\",\"url\":\"https:\/\/polarisnorte.cl\/\",\"name\":\"Polaris Norte Comunicaciones\",\"description\":\"Agencia de Comunicaciones\",\"publisher\":{\"@id\":\"https:\/\/polarisnorte.cl\/#organization\"},\"alternateName\":\"https:\/\/polarisnorte.cl\",\"potentialAction\":[{\"@type\":\"SearchAction\",\"target\":{\"@type\":\"EntryPoint\",\"urlTemplate\":\"https:\/\/polarisnorte.cl\/?s={search_term_string}\"},\"query-input\":{\"@type\":\"PropertyValueSpecification\",\"valueRequired\":true,\"valueName\":\"search_term_string\"}}],\"inLanguage\":\"es-CL\"},{\"@type\":\"Organization\",\"@id\":\"https:\/\/polarisnorte.cl\/#organization\",\"name\":\"Agencia de Comunicaciones Polaris Norte\",\"alternateName\":\"Polaris Norte Comunicaciones\",\"url\":\"https:\/\/polarisnorte.cl\/\",\"logo\":{\"@type\":\"ImageObject\",\"inLanguage\":\"es-CL\",\"@id\":\"https:\/\/polarisnorte.cl\/#\/schema\/logo\/image\/\",\"url\":\"https:\/\/polarisnorte.cl\/wp-content\/uploads\/2024\/09\/Recurso-31.png\",\"contentUrl\":\"https:\/\/polarisnorte.cl\/wp-content\/uploads\/2024\/09\/Recurso-31.png\",\"width\":1394,\"height\":1394,\"caption\":\"Agencia de Comunicaciones Polaris Norte\"},\"image\":{\"@id\":\"https:\/\/polarisnorte.cl\/#\/schema\/logo\/image\/\"}}]}<\/script>\n<!-- \/ Yoast SEO plugin. -->","yoast_head_json":{"title":"Analisis Estrat\u00e9gico - Polaris Norte","robots":{"index":"index","follow":"follow","max-snippet":"max-snippet:-1","max-image-preview":"max-image-preview:large","max-video-preview":"max-video-preview:-1"},"canonical":"https:\/\/polarisnorte.cl\/index.php\/analisis-estrategico-2\/","og_locale":"es_ES","og_type":"article","og_title":"Analisis Estrat\u00e9gico - Polaris Norte","og_description":"An\u00e1lisis Estrat\u00e9gico Alineando Capacidades y Prop\u00f3sito Evaluaci\u00f3n Integral: Comprender el entorno interno y externo es esencial. Analiza tendencias, competidores y oportunidades. Imagen Organizacional: Eval\u00faa c\u00f3mo se percibe la organizaci\u00f3n en su territorio de influencia. La comunicaci\u00f3n interna y externa es fundamental. Indicadores Claros: Define KPIs (indicadores clave de desempe\u00f1o) alineados con los objetivos de la [&hellip;]","og_url":"https:\/\/polarisnorte.cl\/index.php\/analisis-estrategico-2\/","og_site_name":"Polaris Norte","article_modified_time":"2024-09-30T20:28:14+00:00","twitter_card":"summary_large_image","twitter_misc":{"Tiempo estimado de lectura":"1 minuto"},"schema":{"@context":"https:\/\/schema.org","@graph":[{"@type":"WebPage","@id":"https:\/\/polarisnorte.cl\/index.php\/analisis-estrategico-2\/","url":"https:\/\/polarisnorte.cl\/index.php\/analisis-estrategico-2\/","name":"Analisis Estrat\u00e9gico - Polaris Norte","isPartOf":{"@id":"https:\/\/polarisnorte.cl\/#website"},"datePublished":"2024-09-10T22:09:57+00:00","dateModified":"2024-09-30T20:28:14+00:00","breadcrumb":{"@id":"https:\/\/polarisnorte.cl\/index.php\/analisis-estrategico-2\/#breadcrumb"},"inLanguage":"es-CL","potentialAction":[{"@type":"ReadAction","target":["https:\/\/polarisnorte.cl\/index.php\/analisis-estrategico-2\/"]}]},{"@type":"BreadcrumbList","@id":"https:\/\/polarisnorte.cl\/index.php\/analisis-estrategico-2\/#breadcrumb","itemListElement":[{"@type":"ListItem","position":1,"name":"P\u00e1gina Principal","item":"https:\/\/polarisnorte.cl\/"},{"@type":"ListItem","position":2,"name":"Analisis Estrat\u00e9gico"}]},{"@type":"WebSite","@id":"https:\/\/polarisnorte.cl\/#website","url":"https:\/\/polarisnorte.cl\/","name":"Polaris Norte Comunicaciones","description":"Agencia de Comunicaciones","publisher":{"@id":"https:\/\/polarisnorte.cl\/#organization"},"alternateName":"https:\/\/polarisnorte.cl","potentialAction":[{"@type":"SearchAction","target":{"@type":"EntryPoint","urlTemplate":"https:\/\/polarisnorte.cl\/?s={search_term_string}"},"query-input":{"@type":"PropertyValueSpecification","valueRequired":true,"valueName":"search_term_string"}}],"inLanguage":"es-CL"},{"@type":"Organization","@id":"https:\/\/polarisnorte.cl\/#organization","name":"Agencia de Comunicaciones Polaris Norte","alternateName":"Polaris Norte Comunicaciones","url":"https:\/\/polarisnorte.cl\/","logo":{"@type":"ImageObject","inLanguage":"es-CL","@id":"https:\/\/polarisnorte.cl\/#\/schema\/logo\/image\/","url":"https:\/\/polarisnorte.cl\/wp-content\/uploads\/2024\/09\/Recurso-31.png","contentUrl":"https:\/\/polarisnorte.cl\/wp-content\/uploads\/2024\/09\/Recurso-31.png","width":1394,"height":1394,"caption":"Agencia de Comunicaciones Polaris Norte"},"image":{"@id":"https:\/\/polarisnorte.cl\/#\/schema\/logo\/image\/"}}]}},"_links":{"self":[{"href":"https:\/\/polarisnorte.cl\/index.php\/wp-json\/wp\/v2\/pages\/7960"}],"collection":[{"href":"https:\/\/polarisnorte.cl\/index.php\/wp-json\/wp\/v2\/pages"}],"about":[{"href":"https:\/\/polarisnorte.cl\/index.php\/wp-json\/wp\/v2\/types\/page"}],"author":[{"embeddable":true,"href":"https:\/\/polarisnorte.cl\/index.php\/wp-json\/wp\/v2\/users\/1"}],"replies":[{"embeddable":true,"href":"https:\/\/polarisnorte.cl\/index.php\/wp-json\/wp\/v2\/comments?post=7960"}],"version-history":[{"count":22,"href":"https:\/\/polarisnorte.cl\/index.php\/wp-json\/wp\/v2\/pages\/7960\/revisions"}],"predecessor-version":[{"id":8396,"href":"https:\/\/polarisnorte.cl\/index.php\/wp-json\/wp\/v2\/pages\/7960\/revisions\/8396"}],"wp:attachment":[{"href":"https:\/\/polarisnorte.cl\/index.php\/wp-json\/wp\/v2\/media?parent=7960"}],"curies":[{"name":"wp","href":"https:\/\/api.w.org\/{rel}","templated":true}]}}