{"id":7974,"date":"2024-09-10T22:43:42","date_gmt":"2024-09-10T22:43:42","guid":{"rendered":"https:\/\/polarisnorte.cl\/?page_id=7974"},"modified":"2024-09-30T20:43:07","modified_gmt":"2024-09-30T20:43:07","slug":"proposito-empresarial","status":"publish","type":"page","link":"https:\/\/polarisnorte.cl\/index.php\/proposito-empresarial\/","title":{"rendered":"Prop\u00f3sito Empresarial"},"content":{"rendered":"\t\t<div data-elementor-type=\"wp-page\" data-elementor-id=\"7974\" class=\"elementor elementor-7974\">\n\t\t\t\t\t\t<section class=\"elementor-section elementor-top-section elementor-element elementor-element-f65f917 qodef-elementor-content-grid elementor-section-boxed elementor-section-height-default elementor-section-height-default qodef-elementor-stretch-row-no qodef-elementor-overlay-no\" data-id=\"f65f917\" data-element_type=\"section\">\n\t\t\t\t\t\t<div class=\"elementor-container elementor-column-gap-default\">\n\t\t\t\t\t<div class=\"elementor-column elementor-col-100 elementor-top-column elementor-element elementor-element-b6803e8\" data-id=\"b6803e8\" data-element_type=\"column\">\n\t\t\t<div class=\"elementor-widget-wrap elementor-element-populated\">\n\t\t\t\t\t\t<div class=\"elementor-element elementor-element-294c327 elementor-widget elementor-widget-qi_addons_for_elementor_section_title\" data-id=\"294c327\" data-element_type=\"widget\" data-widget_type=\"qi_addons_for_elementor_section_title.default\">\n\t\t\t\t<div class=\"elementor-widget-container\">\n\t\t\t<div class=\"qodef-shortcode qodef-m  qodef-qi-section-title  qodef-decoration--italic  qodef-link--underline-draw qodef-subtitle-icon--left\">\n\t\t\t\t\t\t<h1 class=\"qodef-m-title\">\n\t\tProp\u00f3sito Empresarial\t<\/h1>\n\t\t\t<\/div>\n\t\t<\/div>\n\t\t\t\t<\/div>\n\t\t\t\t<div class=\"elementor-element elementor-element-2cd2488 elementor-widget elementor-widget-qi_addons_for_elementor_section_title\" data-id=\"2cd2488\" data-element_type=\"widget\" data-widget_type=\"qi_addons_for_elementor_section_title.default\">\n\t\t\t\t<div class=\"elementor-widget-container\">\n\t\t\t<div class=\"qodef-shortcode qodef-m  qodef-qi-section-title  qodef-decoration--italic  qodef-link--underline-draw qodef-subtitle-icon--left\">\n\t\t\t\t\t\t<h1 class=\"qodef-m-title\">\n\t\tLa raz\u00f3n de ser de tu organizaci\u00f3n\t<\/h1>\n\t\t\t<\/div>\n\t\t<\/div>\n\t\t\t\t<\/div>\n\t\t\t\t<div class=\"elementor-element elementor-element-617e70a elementor-widget elementor-widget-spacer\" data-id=\"617e70a\" data-element_type=\"widget\" data-widget_type=\"spacer.default\">\n\t\t\t\t<div class=\"elementor-widget-container\">\n\t\t\t\t\t<div class=\"elementor-spacer\">\n\t\t\t<div class=\"elementor-spacer-inner\"><\/div>\n\t\t<\/div>\n\t\t\t\t<\/div>\n\t\t\t\t<\/div>\n\t\t\t\t\t<\/div>\n\t\t<\/div>\n\t\t\t\t\t<\/div>\n\t\t<\/section>\n\t\t<div class=\"elementor-element elementor-element-e0a5f63 e-con-full e-flex e-con e-parent\" data-id=\"e0a5f63\" data-element_type=\"container\">\n\t\t<div class=\"elementor-element elementor-element-2c3dc06 e-con-full e-flex e-con e-child\" data-id=\"2c3dc06\" data-element_type=\"container\">\n\t\t\t\t<div class=\"elementor-element elementor-element-06740ba elementor-widget-divider--view-line elementor-widget elementor-widget-divider\" data-id=\"06740ba\" data-element_type=\"widget\" data-widget_type=\"divider.default\">\n\t\t\t\t<div class=\"elementor-widget-container\">\n\t\t\t\t\t<div class=\"elementor-divider\">\n\t\t\t<span class=\"elementor-divider-separator\">\n\t\t\t\t\t\t<\/span>\n\t\t<\/div>\n\t\t\t\t<\/div>\n\t\t\t\t<\/div>\n\t\t\t\t<\/div>\n\t\t\t\t<\/div>\n\t\t\t\t<section class=\"elementor-section elementor-top-section elementor-element elementor-element-2280b9a1 qodef-elementor-content-grid elementor-section-boxed elementor-section-height-default elementor-section-height-default qodef-elementor-stretch-row-no qodef-elementor-overlay-no\" data-id=\"2280b9a1\" data-element_type=\"section\" data-settings=\"{&quot;background_background&quot;:&quot;classic&quot;}\">\n\t\t\t\t\t\t<div class=\"elementor-container elementor-column-gap-default\">\n\t\t\t\t\t<div class=\"elementor-column elementor-col-100 elementor-top-column elementor-element elementor-element-2766a69f\" data-id=\"2766a69f\" data-element_type=\"column\" data-settings=\"{&quot;background_background&quot;:&quot;classic&quot;}\">\n\t\t\t<div class=\"elementor-widget-wrap elementor-element-populated\">\n\t\t\t\t\t\t<div class=\"elementor-element elementor-element-60f45cd elementor-widget elementor-widget-text-editor\" data-id=\"60f45cd\" data-element_type=\"widget\" data-widget_type=\"text-editor.default\">\n\t\t\t\t<div class=\"elementor-widget-container\">\n\t\t\t\t\t\t\t<ul><li><strong><em>Confusi\u00f3n y Falta de Motivaci\u00f3n<\/em><\/strong>: Si los colaboradores no comprenden el prop\u00f3sito actual, pueden sentirse desorientados y desmotivados.<\/li><li><strong><em>Distancia de las Audiencias<\/em><\/strong>: Un prop\u00f3sito difuso aleja a la empresa de sus clientes, proveedores y comunidad.<\/li><li><em><strong>Errores Estrat\u00e9gicos<\/strong>:<\/em> Sin un prop\u00f3sito claro, las decisiones estrat\u00e9gicas pueden ser err\u00e1ticas o desalineadas.<\/li><\/ul>\t\t\t\t\t\t<\/div>\n\t\t\t\t<\/div>\n\t\t\t\t<div class=\"elementor-element elementor-element-7b86421 elementor-widget elementor-widget-text-editor\" data-id=\"7b86421\" data-element_type=\"widget\" data-widget_type=\"text-editor.default\">\n\t\t\t\t<div class=\"elementor-widget-container\">\n\t\t\t\t\t\t\t<p style=\"text-align: center;\">Definir y comunicar con claridad el prop\u00f3sito de la organizaci\u00f3n es esencial para mantener la sustentabilidad a lo largo del tiempo. \u00a1Encuentra tu prop\u00f3sito y construye un camino s\u00f3lido!<\/p>\t\t\t\t\t\t<\/div>\n\t\t\t\t<\/div>\n\t\t\t\t\t<\/div>\n\t\t<\/div>\n\t\t\t\t\t<\/div>\n\t\t<\/section>\n\t\t\t\t<section class=\"elementor-section elementor-top-section elementor-element elementor-element-6a90c6b qodef-elementor-content-grid elementor-section-boxed elementor-section-height-default elementor-section-height-default qodef-elementor-stretch-row-no qodef-elementor-overlay-no\" data-id=\"6a90c6b\" data-element_type=\"section\">\n\t\t\t\t\t\t<div class=\"elementor-container elementor-column-gap-default\">\n\t\t\t\t\t<div class=\"elementor-column elementor-col-100 elementor-top-column elementor-element elementor-element-f189143\" data-id=\"f189143\" data-element_type=\"column\">\n\t\t\t<div class=\"elementor-widget-wrap elementor-element-populated\">\n\t\t\t\t\t\t<div class=\"elementor-element elementor-element-a38e967 elementor-widget elementor-widget-qi_addons_for_elementor_section_title\" data-id=\"a38e967\" data-element_type=\"widget\" data-widget_type=\"qi_addons_for_elementor_section_title.default\">\n\t\t\t\t<div class=\"elementor-widget-container\">\n\t\t\t<div class=\"qodef-shortcode qodef-m  qodef-qi-section-title  qodef-decoration--italic  qodef-link--underline-draw qodef-subtitle-icon--left\">\n\t\t\t\t\t\t<h3 class=\"qodef-m-title\">\n\t\tPotencia tu mensaje\t<\/h3>\n\t\t\t<\/div>\n\t\t<\/div>\n\t\t\t\t<\/div>\n\t\t\t\t<div class=\"elementor-element elementor-element-baf1f9d elementor-widget elementor-widget-qi_addons_for_elementor_section_title\" data-id=\"baf1f9d\" data-element_type=\"widget\" data-widget_type=\"qi_addons_for_elementor_section_title.default\">\n\t\t\t\t<div class=\"elementor-widget-container\">\n\t\t\t<div class=\"qodef-shortcode qodef-m  qodef-qi-section-title  qodef-decoration--italic  qodef-link--underline-draw qodef-subtitle-icon--left\">\n\t\t\t\t\t\t<h3 class=\"qodef-m-title\">\n\t\ttu identidad \t<\/h3>\n\t\t\t<\/div>\n\t\t<\/div>\n\t\t\t\t<\/div>\n\t\t\t\t<div class=\"elementor-element elementor-element-dd470b8 elementor-widget elementor-widget-qi_addons_for_elementor_section_title\" data-id=\"dd470b8\" data-element_type=\"widget\" data-widget_type=\"qi_addons_for_elementor_section_title.default\">\n\t\t\t\t<div class=\"elementor-widget-container\">\n\t\t\t<div class=\"qodef-shortcode qodef-m  qodef-qi-section-title  qodef-decoration--italic  qodef-link--underline-draw qodef-subtitle-icon--left\">\n\t\t\t\t\t\t<h3 class=\"qodef-m-title\">\n\t\ty tu imagen\t<\/h3>\n\t\t\t<\/div>\n\t\t<\/div>\n\t\t\t\t<\/div>\n\t\t\t\t<div class=\"elementor-element elementor-element-b5bdf7a elementor-widget elementor-widget-spacer\" data-id=\"b5bdf7a\" data-element_type=\"widget\" data-widget_type=\"spacer.default\">\n\t\t\t\t<div class=\"elementor-widget-container\">\n\t\t\t\t\t<div class=\"elementor-spacer\">\n\t\t\t<div class=\"elementor-spacer-inner\"><\/div>\n\t\t<\/div>\n\t\t\t\t<\/div>\n\t\t\t\t<\/div>\n\t\t<div class=\"elementor-element elementor-element-f530f73 e-flex e-con-boxed e-con e-parent\" data-id=\"f530f73\" data-element_type=\"container\">\n\t\t\t\t\t<div class=\"e-con-inner\">\n\t\t\t\t<div class=\"elementor-element elementor-element-61f18e4 elementor-align-center elementor-widget elementor-widget-button\" data-id=\"61f18e4\" data-element_type=\"widget\" data-widget_type=\"button.default\">\n\t\t\t\t<div class=\"elementor-widget-container\">\n\t\t\t\t\t<div class=\"elementor-button-wrapper\">\n\t\t\t<a class=\"elementor-button elementor-button-link elementor-size-sm elementor-animation-buzz-out\" href=\"https:\/\/polarisnorte.cl\/index.php\/contactanos\/\">\n\t\t\t\t\t\t<span class=\"elementor-button-content-wrapper\">\n\t\t\t\t\t\t\t\t\t<span class=\"elementor-button-text\">Cont\u00e1ctanos<\/span>\n\t\t\t\t\t<\/span>\n\t\t\t\t\t<\/a>\n\t\t<\/div>\n\t\t\t\t<\/div>\n\t\t\t\t<\/div>\n\t\t\t\t\t<\/div>\n\t\t\t\t<\/div>\n\t\t\t\t\t<\/div>\n\t\t<\/div>\n\t\t\t\t\t<\/div>\n\t\t<\/section>\n\t\t\t\t<\/div>\n\t\t","protected":false},"excerpt":{"rendered":"<p>Prop\u00f3sito Empresarial La raz\u00f3n de ser de tu organizaci\u00f3n Confusi\u00f3n y Falta de Motivaci\u00f3n: Si los colaboradores no comprenden el prop\u00f3sito actual, pueden sentirse desorientados y desmotivados. Distancia de las Audiencias: Un prop\u00f3sito difuso aleja a la empresa de sus clientes, proveedores y comunidad. Errores Estrat\u00e9gicos: Sin un prop\u00f3sito claro, las decisiones estrat\u00e9gicas pueden ser [&hellip;]<\/p>\n","protected":false},"author":1,"featured_media":0,"parent":0,"menu_order":0,"comment_status":"closed","ping_status":"closed","template":"page-full-width.php","meta":{"om_disable_all_campaigns":false,"_monsterinsights_skip_tracking":false,"_monsterinsights_sitenote_active":false,"_monsterinsights_sitenote_note":"","_monsterinsights_sitenote_category":0,"_uf_show_specific_survey":0,"_uf_disable_surveys":false,"footnotes":""},"class_list":["post-7974","page","type-page","status-publish","hentry"],"yoast_head":"<!-- This site is optimized with the Yoast SEO plugin v23.5 - https:\/\/yoast.com\/wordpress\/plugins\/seo\/ -->\n<title>Prop\u00f3sito Empresarial - Polaris Norte<\/title>\n<meta name=\"robots\" content=\"index, follow, max-snippet:-1, max-image-preview:large, max-video-preview:-1\" \/>\n<link rel=\"canonical\" href=\"https:\/\/polarisnorte.cl\/index.php\/proposito-empresarial\/\" \/>\n<meta property=\"og:locale\" content=\"es_ES\" \/>\n<meta property=\"og:type\" content=\"article\" \/>\n<meta property=\"og:title\" content=\"Prop\u00f3sito Empresarial - Polaris Norte\" \/>\n<meta property=\"og:description\" content=\"Prop\u00f3sito Empresarial La raz\u00f3n de ser de tu organizaci\u00f3n Confusi\u00f3n y Falta de Motivaci\u00f3n: Si los colaboradores no comprenden el prop\u00f3sito actual, pueden sentirse desorientados y desmotivados. Distancia de las Audiencias: Un prop\u00f3sito difuso aleja a la empresa de sus clientes, proveedores y comunidad. Errores Estrat\u00e9gicos: Sin un prop\u00f3sito claro, las decisiones estrat\u00e9gicas pueden ser [&hellip;]\" \/>\n<meta property=\"og:url\" content=\"https:\/\/polarisnorte.cl\/index.php\/proposito-empresarial\/\" \/>\n<meta property=\"og:site_name\" content=\"Polaris Norte\" \/>\n<meta property=\"article:modified_time\" content=\"2024-09-30T20:43:07+00:00\" \/>\n<meta name=\"twitter:card\" content=\"summary_large_image\" \/>\n<meta name=\"twitter:label1\" content=\"Tiempo estimado de lectura\" \/>\n\t<meta name=\"twitter:data1\" content=\"1 minuto\" \/>\n<script type=\"application\/ld+json\" class=\"yoast-schema-graph\">{\"@context\":\"https:\/\/schema.org\",\"@graph\":[{\"@type\":\"WebPage\",\"@id\":\"https:\/\/polarisnorte.cl\/index.php\/proposito-empresarial\/\",\"url\":\"https:\/\/polarisnorte.cl\/index.php\/proposito-empresarial\/\",\"name\":\"Prop\u00f3sito Empresarial - Polaris Norte\",\"isPartOf\":{\"@id\":\"https:\/\/polarisnorte.cl\/#website\"},\"datePublished\":\"2024-09-10T22:43:42+00:00\",\"dateModified\":\"2024-09-30T20:43:07+00:00\",\"breadcrumb\":{\"@id\":\"https:\/\/polarisnorte.cl\/index.php\/proposito-empresarial\/#breadcrumb\"},\"inLanguage\":\"es-CL\",\"potentialAction\":[{\"@type\":\"ReadAction\",\"target\":[\"https:\/\/polarisnorte.cl\/index.php\/proposito-empresarial\/\"]}]},{\"@type\":\"BreadcrumbList\",\"@id\":\"https:\/\/polarisnorte.cl\/index.php\/proposito-empresarial\/#breadcrumb\",\"itemListElement\":[{\"@type\":\"ListItem\",\"position\":1,\"name\":\"P\u00e1gina Principal\",\"item\":\"https:\/\/polarisnorte.cl\/\"},{\"@type\":\"ListItem\",\"position\":2,\"name\":\"Prop\u00f3sito Empresarial\"}]},{\"@type\":\"WebSite\",\"@id\":\"https:\/\/polarisnorte.cl\/#website\",\"url\":\"https:\/\/polarisnorte.cl\/\",\"name\":\"Polaris Norte Comunicaciones\",\"description\":\"Agencia de Comunicaciones\",\"publisher\":{\"@id\":\"https:\/\/polarisnorte.cl\/#organization\"},\"alternateName\":\"https:\/\/polarisnorte.cl\",\"potentialAction\":[{\"@type\":\"SearchAction\",\"target\":{\"@type\":\"EntryPoint\",\"urlTemplate\":\"https:\/\/polarisnorte.cl\/?s={search_term_string}\"},\"query-input\":{\"@type\":\"PropertyValueSpecification\",\"valueRequired\":true,\"valueName\":\"search_term_string\"}}],\"inLanguage\":\"es-CL\"},{\"@type\":\"Organization\",\"@id\":\"https:\/\/polarisnorte.cl\/#organization\",\"name\":\"Agencia de Comunicaciones Polaris Norte\",\"alternateName\":\"Polaris Norte Comunicaciones\",\"url\":\"https:\/\/polarisnorte.cl\/\",\"logo\":{\"@type\":\"ImageObject\",\"inLanguage\":\"es-CL\",\"@id\":\"https:\/\/polarisnorte.cl\/#\/schema\/logo\/image\/\",\"url\":\"https:\/\/polarisnorte.cl\/wp-content\/uploads\/2024\/09\/Recurso-31.png\",\"contentUrl\":\"https:\/\/polarisnorte.cl\/wp-content\/uploads\/2024\/09\/Recurso-31.png\",\"width\":1394,\"height\":1394,\"caption\":\"Agencia de Comunicaciones Polaris Norte\"},\"image\":{\"@id\":\"https:\/\/polarisnorte.cl\/#\/schema\/logo\/image\/\"}}]}<\/script>\n<!-- \/ Yoast SEO plugin. -->","yoast_head_json":{"title":"Prop\u00f3sito Empresarial - Polaris Norte","robots":{"index":"index","follow":"follow","max-snippet":"max-snippet:-1","max-image-preview":"max-image-preview:large","max-video-preview":"max-video-preview:-1"},"canonical":"https:\/\/polarisnorte.cl\/index.php\/proposito-empresarial\/","og_locale":"es_ES","og_type":"article","og_title":"Prop\u00f3sito Empresarial - Polaris Norte","og_description":"Prop\u00f3sito Empresarial La raz\u00f3n de ser de tu organizaci\u00f3n Confusi\u00f3n y Falta de Motivaci\u00f3n: Si los colaboradores no comprenden el prop\u00f3sito actual, pueden sentirse desorientados y desmotivados. Distancia de las Audiencias: Un prop\u00f3sito difuso aleja a la empresa de sus clientes, proveedores y comunidad. Errores Estrat\u00e9gicos: Sin un prop\u00f3sito claro, las decisiones estrat\u00e9gicas pueden ser [&hellip;]","og_url":"https:\/\/polarisnorte.cl\/index.php\/proposito-empresarial\/","og_site_name":"Polaris Norte","article_modified_time":"2024-09-30T20:43:07+00:00","twitter_card":"summary_large_image","twitter_misc":{"Tiempo estimado de lectura":"1 minuto"},"schema":{"@context":"https:\/\/schema.org","@graph":[{"@type":"WebPage","@id":"https:\/\/polarisnorte.cl\/index.php\/proposito-empresarial\/","url":"https:\/\/polarisnorte.cl\/index.php\/proposito-empresarial\/","name":"Prop\u00f3sito Empresarial - Polaris Norte","isPartOf":{"@id":"https:\/\/polarisnorte.cl\/#website"},"datePublished":"2024-09-10T22:43:42+00:00","dateModified":"2024-09-30T20:43:07+00:00","breadcrumb":{"@id":"https:\/\/polarisnorte.cl\/index.php\/proposito-empresarial\/#breadcrumb"},"inLanguage":"es-CL","potentialAction":[{"@type":"ReadAction","target":["https:\/\/polarisnorte.cl\/index.php\/proposito-empresarial\/"]}]},{"@type":"BreadcrumbList","@id":"https:\/\/polarisnorte.cl\/index.php\/proposito-empresarial\/#breadcrumb","itemListElement":[{"@type":"ListItem","position":1,"name":"P\u00e1gina Principal","item":"https:\/\/polarisnorte.cl\/"},{"@type":"ListItem","position":2,"name":"Prop\u00f3sito Empresarial"}]},{"@type":"WebSite","@id":"https:\/\/polarisnorte.cl\/#website","url":"https:\/\/polarisnorte.cl\/","name":"Polaris Norte Comunicaciones","description":"Agencia de Comunicaciones","publisher":{"@id":"https:\/\/polarisnorte.cl\/#organization"},"alternateName":"https:\/\/polarisnorte.cl","potentialAction":[{"@type":"SearchAction","target":{"@type":"EntryPoint","urlTemplate":"https:\/\/polarisnorte.cl\/?s={search_term_string}"},"query-input":{"@type":"PropertyValueSpecification","valueRequired":true,"valueName":"search_term_string"}}],"inLanguage":"es-CL"},{"@type":"Organization","@id":"https:\/\/polarisnorte.cl\/#organization","name":"Agencia de Comunicaciones Polaris Norte","alternateName":"Polaris Norte Comunicaciones","url":"https:\/\/polarisnorte.cl\/","logo":{"@type":"ImageObject","inLanguage":"es-CL","@id":"https:\/\/polarisnorte.cl\/#\/schema\/logo\/image\/","url":"https:\/\/polarisnorte.cl\/wp-content\/uploads\/2024\/09\/Recurso-31.png","contentUrl":"https:\/\/polarisnorte.cl\/wp-content\/uploads\/2024\/09\/Recurso-31.png","width":1394,"height":1394,"caption":"Agencia de Comunicaciones Polaris Norte"},"image":{"@id":"https:\/\/polarisnorte.cl\/#\/schema\/logo\/image\/"}}]}},"_links":{"self":[{"href":"https:\/\/polarisnorte.cl\/index.php\/wp-json\/wp\/v2\/pages\/7974"}],"collection":[{"href":"https:\/\/polarisnorte.cl\/index.php\/wp-json\/wp\/v2\/pages"}],"about":[{"href":"https:\/\/polarisnorte.cl\/index.php\/wp-json\/wp\/v2\/types\/page"}],"author":[{"embeddable":true,"href":"https:\/\/polarisnorte.cl\/index.php\/wp-json\/wp\/v2\/users\/1"}],"replies":[{"embeddable":true,"href":"https:\/\/polarisnorte.cl\/index.php\/wp-json\/wp\/v2\/comments?post=7974"}],"version-history":[{"count":20,"href":"https:\/\/polarisnorte.cl\/index.php\/wp-json\/wp\/v2\/pages\/7974\/revisions"}],"predecessor-version":[{"id":8421,"href":"https:\/\/polarisnorte.cl\/index.php\/wp-json\/wp\/v2\/pages\/7974\/revisions\/8421"}],"wp:attachment":[{"href":"https:\/\/polarisnorte.cl\/index.php\/wp-json\/wp\/v2\/media?parent=7974"}],"curies":[{"name":"wp","href":"https:\/\/api.w.org\/{rel}","templated":true}]}}