{"id":8094,"date":"2024-09-24T14:05:18","date_gmt":"2024-09-24T14:05:18","guid":{"rendered":"https:\/\/polarisnorte.cl\/?page_id=8094"},"modified":"2024-09-24T14:43:40","modified_gmt":"2024-09-24T14:43:40","slug":"salud-educacion","status":"publish","type":"page","link":"https:\/\/polarisnorte.cl\/index.php\/salud-educacion\/","title":{"rendered":"Salud y Educaci\u00f3n"},"content":{"rendered":"\t\t<div data-elementor-type=\"wp-page\" data-elementor-id=\"8094\" class=\"elementor elementor-8094\">\n\t\t\t\t\t\t<section class=\"elementor-section elementor-top-section elementor-element elementor-element-07ba19d elementor-section-stretched elementor-section-boxed elementor-section-height-default elementor-section-height-default qodef-elementor-content-no qodef-elementor-stretch-row-no qodef-elementor-overlay-no\" data-id=\"07ba19d\" data-element_type=\"section\" data-settings=\"{&quot;background_background&quot;:&quot;classic&quot;,&quot;stretch_section&quot;:&quot;section-stretched&quot;}\">\n\t\t\t\t\t\t<div class=\"elementor-container elementor-column-gap-default\">\n\t\t\t\t\t<div class=\"elementor-column elementor-col-50 elementor-top-column elementor-element elementor-element-c026030\" data-id=\"c026030\" data-element_type=\"column\">\n\t\t\t<div class=\"elementor-widget-wrap elementor-element-populated\">\n\t\t\t\t\t\t<div class=\"elementor-element elementor-element-79f5004 elementor-widget elementor-widget-text-editor\" data-id=\"79f5004\" data-element_type=\"widget\" data-widget_type=\"text-editor.default\">\n\t\t\t\t<div class=\"elementor-widget-container\">\n\t\t\t\t\t\t\t<h1 class=\"font_0 wixui-rich-text__text\"><span class=\"wixui-rich-text__text\" style=\"color: #ffffff;\">\u00c1reas de especializaci\u00f3n<\/span><\/h1><h2><span style=\"color: #ffffff;\">\u00a0<\/span><\/h2>\t\t\t\t\t\t<\/div>\n\t\t\t\t<\/div>\n\t\t\t\t\t<\/div>\n\t\t<\/div>\n\t\t\t\t<div class=\"elementor-column elementor-col-50 elementor-top-column elementor-element elementor-element-90b55d3\" data-id=\"90b55d3\" data-element_type=\"column\">\n\t\t\t<div class=\"elementor-widget-wrap elementor-element-populated\">\n\t\t\t\t\t\t<div class=\"elementor-element elementor-element-c8904c1 elementor-widget elementor-widget-text-editor\" data-id=\"c8904c1\" data-element_type=\"widget\" data-widget_type=\"text-editor.default\">\n\t\t\t\t<div class=\"elementor-widget-container\">\n\t\t\t\t\t\t\t<h5><span style=\"color: #ffffff;\">Por la experiencia de los profesionales de Comunicaciones Polaris Norte Spa ofrecemos nuestro trabajo especialmente en estas \u00e1reas de desarrollo<\/span><\/h5>\t\t\t\t\t\t<\/div>\n\t\t\t\t<\/div>\n\t\t\t\t\t<\/div>\n\t\t<\/div>\n\t\t\t\t\t<\/div>\n\t\t<\/section>\n\t\t\t\t<section class=\"elementor-section elementor-top-section elementor-element elementor-element-08daa0e qodef-elementor-content-grid elementor-section-boxed elementor-section-height-default elementor-section-height-default qodef-elementor-stretch-row-no qodef-elementor-overlay-no\" data-id=\"08daa0e\" data-element_type=\"section\" data-settings=\"{&quot;background_background&quot;:&quot;classic&quot;}\">\n\t\t\t\t\t\t<div class=\"elementor-container elementor-column-gap-default\">\n\t\t\t\t\t<div class=\"elementor-column elementor-col-50 elementor-top-column elementor-element elementor-element-01fc97d\" data-id=\"01fc97d\" data-element_type=\"column\">\n\t\t\t<div class=\"elementor-widget-wrap elementor-element-populated\">\n\t\t\t\t\t\t<div class=\"elementor-element elementor-element-92e70bb elementor-icon-list--layout-traditional elementor-list-item-link-full_width elementor-widget elementor-widget-icon-list\" data-id=\"92e70bb\" data-element_type=\"widget\" data-widget_type=\"icon-list.default\">\n\t\t\t\t<div class=\"elementor-widget-container\">\n\t\t\t\t\t<ul class=\"elementor-icon-list-items\">\n\t\t\t\t\t\t\t<li class=\"elementor-icon-list-item\">\n\t\t\t\t\t\t\t\t\t\t<span class=\"elementor-icon-list-text\">Salud<\/span>\n\t\t\t\t\t\t\t\t\t<\/li>\n\t\t\t\t\t\t\t\t<li class=\"elementor-icon-list-item\">\n\t\t\t\t\t\t\t\t\t\t<span class=\"elementor-icon-list-text\">Educaci\u00f3n<\/span>\n\t\t\t\t\t\t\t\t\t<\/li>\n\t\t\t\t\t\t<\/ul>\n\t\t\t\t<\/div>\n\t\t\t\t<\/div>\n\t\t\t\t\t<\/div>\n\t\t<\/div>\n\t\t\t\t<div class=\"elementor-column elementor-col-50 elementor-top-column elementor-element elementor-element-dafe126\" data-id=\"dafe126\" data-element_type=\"column\">\n\t\t\t<div class=\"elementor-widget-wrap elementor-element-populated\">\n\t\t\t\t\t\t<div class=\"elementor-element elementor-element-3b62aeb elementor-widget elementor-widget-text-editor\" data-id=\"3b62aeb\" data-element_type=\"widget\" data-widget_type=\"text-editor.default\">\n\t\t\t\t<div class=\"elementor-widget-container\">\n\t\t\t\t\t\t\t<p>Generamos estrategias comunicacionales para <strong>relevar y expandir<\/strong> el conocimiento de sus instituciones.<\/p><p>\u00a0<\/p><p>Lo ayudamos a gestionar <strong>crisis reputacionales<\/strong> con transparencia, eficiencia y respeto por los incumbentes.<\/p><p>\u00a0<\/p><p>Porque sabemos la calidad de sus profesionales trabajamos con las <strong>vocer\u00edas<\/strong> para convertir su instituci\u00f3n en un actor <strong>relevante para la comunidad<\/strong> en su \u00e1rea de experiencia.<\/p><p>\u00a0<\/p><p>Construimos espacios para la <strong>comunicaci\u00f3n virtual<\/strong> tanto con sus audiencias externas como con sus propios colaboradores y estudiantes, fomentando la interacci\u00f3n que permita una comunicaci\u00f3n fluida y transparente.<\/p>\t\t\t\t\t\t<\/div>\n\t\t\t\t<\/div>\n\t\t\t\t\t<\/div>\n\t\t<\/div>\n\t\t\t\t\t<\/div>\n\t\t<\/section>\n\t\t<div class=\"elementor-element elementor-element-e487db0 e-flex e-con-boxed e-con e-parent\" data-id=\"e487db0\" data-element_type=\"container\">\n\t\t\t\t\t<div class=\"e-con-inner\">\n\t\t\t\t<div class=\"elementor-element elementor-element-4976bf7 elementor-widget elementor-widget-image\" data-id=\"4976bf7\" data-element_type=\"widget\" data-widget_type=\"image.default\">\n\t\t\t\t<div class=\"elementor-widget-container\">\n\t\t\t\t\t\t\t\t\t\t\t\t\t<img fetchpriority=\"high\" decoding=\"async\" width=\"1024\" height=\"575\" src=\"https:\/\/polarisnorte.cl\/wp-content\/uploads\/2024\/09\/Leonardo_Kino_XL_image_of_a_Health_and_Education_company_with_0-1-1024x575.jpg\" class=\"attachment-large size-large wp-image-8097\" alt=\"\" srcset=\"https:\/\/polarisnorte.cl\/wp-content\/uploads\/2024\/09\/Leonardo_Kino_XL_image_of_a_Health_and_Education_company_with_0-1-1024x575.jpg 1024w, https:\/\/polarisnorte.cl\/wp-content\/uploads\/2024\/09\/Leonardo_Kino_XL_image_of_a_Health_and_Education_company_with_0-1-300x168.jpg 300w, https:\/\/polarisnorte.cl\/wp-content\/uploads\/2024\/09\/Leonardo_Kino_XL_image_of_a_Health_and_Education_company_with_0-1-768x431.jpg 768w, https:\/\/polarisnorte.cl\/wp-content\/uploads\/2024\/09\/Leonardo_Kino_XL_image_of_a_Health_and_Education_company_with_0-1.jpg 1368w\" sizes=\"(max-width: 1024px) 100vw, 1024px\" \/>\t\t\t\t\t\t\t\t\t\t\t\t\t<\/div>\n\t\t\t\t<\/div>\n\t\t\t\t\t<\/div>\n\t\t\t\t<\/div>\n\t\t\t\t<\/div>\n\t\t","protected":false},"excerpt":{"rendered":"<p>\u00c1reas de especializaci\u00f3n \u00a0 Por la experiencia de los profesionales de Comunicaciones Polaris Norte Spa ofrecemos nuestro trabajo especialmente en estas \u00e1reas de desarrollo Salud Educaci\u00f3n Generamos estrategias comunicacionales para relevar y expandir el conocimiento de sus instituciones. \u00a0 Lo ayudamos a gestionar crisis reputacionales con transparencia, eficiencia y respeto por los incumbentes. \u00a0 Porque [&hellip;]<\/p>\n","protected":false},"author":1,"featured_media":0,"parent":0,"menu_order":0,"comment_status":"closed","ping_status":"closed","template":"page-full-width.php","meta":{"om_disable_all_campaigns":false,"_monsterinsights_skip_tracking":false,"_monsterinsights_sitenote_active":false,"_monsterinsights_sitenote_note":"","_monsterinsights_sitenote_category":0,"_uf_show_specific_survey":0,"_uf_disable_surveys":false,"footnotes":""},"class_list":["post-8094","page","type-page","status-publish","hentry"],"yoast_head":"<!-- This site is optimized with the Yoast SEO plugin v23.5 - https:\/\/yoast.com\/wordpress\/plugins\/seo\/ -->\n<title>Salud y Educaci\u00f3n - Polaris Norte<\/title>\n<meta name=\"robots\" content=\"index, follow, max-snippet:-1, max-image-preview:large, max-video-preview:-1\" \/>\n<link rel=\"canonical\" href=\"https:\/\/polarisnorte.cl\/index.php\/salud-educacion\/\" \/>\n<meta property=\"og:locale\" content=\"es_ES\" \/>\n<meta property=\"og:type\" content=\"article\" \/>\n<meta property=\"og:title\" content=\"Salud y Educaci\u00f3n - Polaris Norte\" \/>\n<meta property=\"og:description\" content=\"\u00c1reas de especializaci\u00f3n \u00a0 Por la experiencia de los profesionales de Comunicaciones Polaris Norte Spa ofrecemos nuestro trabajo especialmente en estas \u00e1reas de desarrollo Salud Educaci\u00f3n Generamos estrategias comunicacionales para relevar y expandir el conocimiento de sus instituciones. \u00a0 Lo ayudamos a gestionar crisis reputacionales con transparencia, eficiencia y respeto por los incumbentes. \u00a0 Porque [&hellip;]\" \/>\n<meta property=\"og:url\" content=\"https:\/\/polarisnorte.cl\/index.php\/salud-educacion\/\" \/>\n<meta property=\"og:site_name\" content=\"Polaris Norte\" \/>\n<meta property=\"article:modified_time\" content=\"2024-09-24T14:43:40+00:00\" \/>\n<meta property=\"og:image\" content=\"https:\/\/polarisnorte.cl\/wp-content\/uploads\/2024\/09\/Leonardo_Kino_XL_image_of_a_Health_and_Education_company_with_0-1-1024x575.jpg\" \/>\n<meta name=\"twitter:card\" content=\"summary_large_image\" \/>\n<meta name=\"twitter:label1\" content=\"Tiempo estimado de lectura\" \/>\n\t<meta name=\"twitter:data1\" content=\"1 minuto\" \/>\n<script type=\"application\/ld+json\" class=\"yoast-schema-graph\">{\"@context\":\"https:\/\/schema.org\",\"@graph\":[{\"@type\":\"WebPage\",\"@id\":\"https:\/\/polarisnorte.cl\/index.php\/salud-educacion\/\",\"url\":\"https:\/\/polarisnorte.cl\/index.php\/salud-educacion\/\",\"name\":\"Salud y Educaci\u00f3n - Polaris Norte\",\"isPartOf\":{\"@id\":\"https:\/\/polarisnorte.cl\/#website\"},\"primaryImageOfPage\":{\"@id\":\"https:\/\/polarisnorte.cl\/index.php\/salud-educacion\/#primaryimage\"},\"image\":{\"@id\":\"https:\/\/polarisnorte.cl\/index.php\/salud-educacion\/#primaryimage\"},\"thumbnailUrl\":\"https:\/\/polarisnorte.cl\/wp-content\/uploads\/2024\/09\/Leonardo_Kino_XL_image_of_a_Health_and_Education_company_with_0-1-1024x575.jpg\",\"datePublished\":\"2024-09-24T14:05:18+00:00\",\"dateModified\":\"2024-09-24T14:43:40+00:00\",\"breadcrumb\":{\"@id\":\"https:\/\/polarisnorte.cl\/index.php\/salud-educacion\/#breadcrumb\"},\"inLanguage\":\"es-CL\",\"potentialAction\":[{\"@type\":\"ReadAction\",\"target\":[\"https:\/\/polarisnorte.cl\/index.php\/salud-educacion\/\"]}]},{\"@type\":\"ImageObject\",\"inLanguage\":\"es-CL\",\"@id\":\"https:\/\/polarisnorte.cl\/index.php\/salud-educacion\/#primaryimage\",\"url\":\"https:\/\/polarisnorte.cl\/wp-content\/uploads\/2024\/09\/Leonardo_Kino_XL_image_of_a_Health_and_Education_company_with_0-1.jpg\",\"contentUrl\":\"https:\/\/polarisnorte.cl\/wp-content\/uploads\/2024\/09\/Leonardo_Kino_XL_image_of_a_Health_and_Education_company_with_0-1.jpg\",\"width\":1368,\"height\":768},{\"@type\":\"BreadcrumbList\",\"@id\":\"https:\/\/polarisnorte.cl\/index.php\/salud-educacion\/#breadcrumb\",\"itemListElement\":[{\"@type\":\"ListItem\",\"position\":1,\"name\":\"P\u00e1gina Principal\",\"item\":\"https:\/\/polarisnorte.cl\/\"},{\"@type\":\"ListItem\",\"position\":2,\"name\":\"Salud y Educaci\u00f3n\"}]},{\"@type\":\"WebSite\",\"@id\":\"https:\/\/polarisnorte.cl\/#website\",\"url\":\"https:\/\/polarisnorte.cl\/\",\"name\":\"Polaris Norte Comunicaciones\",\"description\":\"Agencia de Comunicaciones\",\"publisher\":{\"@id\":\"https:\/\/polarisnorte.cl\/#organization\"},\"alternateName\":\"https:\/\/polarisnorte.cl\",\"potentialAction\":[{\"@type\":\"SearchAction\",\"target\":{\"@type\":\"EntryPoint\",\"urlTemplate\":\"https:\/\/polarisnorte.cl\/?s={search_term_string}\"},\"query-input\":{\"@type\":\"PropertyValueSpecification\",\"valueRequired\":true,\"valueName\":\"search_term_string\"}}],\"inLanguage\":\"es-CL\"},{\"@type\":\"Organization\",\"@id\":\"https:\/\/polarisnorte.cl\/#organization\",\"name\":\"Agencia de Comunicaciones Polaris Norte\",\"alternateName\":\"Polaris Norte Comunicaciones\",\"url\":\"https:\/\/polarisnorte.cl\/\",\"logo\":{\"@type\":\"ImageObject\",\"inLanguage\":\"es-CL\",\"@id\":\"https:\/\/polarisnorte.cl\/#\/schema\/logo\/image\/\",\"url\":\"https:\/\/polarisnorte.cl\/wp-content\/uploads\/2024\/09\/Recurso-31.png\",\"contentUrl\":\"https:\/\/polarisnorte.cl\/wp-content\/uploads\/2024\/09\/Recurso-31.png\",\"width\":1394,\"height\":1394,\"caption\":\"Agencia de Comunicaciones Polaris Norte\"},\"image\":{\"@id\":\"https:\/\/polarisnorte.cl\/#\/schema\/logo\/image\/\"}}]}<\/script>\n<!-- \/ Yoast SEO plugin. -->","yoast_head_json":{"title":"Salud y Educaci\u00f3n - Polaris Norte","robots":{"index":"index","follow":"follow","max-snippet":"max-snippet:-1","max-image-preview":"max-image-preview:large","max-video-preview":"max-video-preview:-1"},"canonical":"https:\/\/polarisnorte.cl\/index.php\/salud-educacion\/","og_locale":"es_ES","og_type":"article","og_title":"Salud y Educaci\u00f3n - Polaris Norte","og_description":"\u00c1reas de especializaci\u00f3n \u00a0 Por la experiencia de los profesionales de Comunicaciones Polaris Norte Spa ofrecemos nuestro trabajo especialmente en estas \u00e1reas de desarrollo Salud Educaci\u00f3n Generamos estrategias comunicacionales para relevar y expandir el conocimiento de sus instituciones. \u00a0 Lo ayudamos a gestionar crisis reputacionales con transparencia, eficiencia y respeto por los incumbentes. \u00a0 Porque [&hellip;]","og_url":"https:\/\/polarisnorte.cl\/index.php\/salud-educacion\/","og_site_name":"Polaris Norte","article_modified_time":"2024-09-24T14:43:40+00:00","og_image":[{"url":"https:\/\/polarisnorte.cl\/wp-content\/uploads\/2024\/09\/Leonardo_Kino_XL_image_of_a_Health_and_Education_company_with_0-1-1024x575.jpg"}],"twitter_card":"summary_large_image","twitter_misc":{"Tiempo estimado de lectura":"1 minuto"},"schema":{"@context":"https:\/\/schema.org","@graph":[{"@type":"WebPage","@id":"https:\/\/polarisnorte.cl\/index.php\/salud-educacion\/","url":"https:\/\/polarisnorte.cl\/index.php\/salud-educacion\/","name":"Salud y Educaci\u00f3n - Polaris Norte","isPartOf":{"@id":"https:\/\/polarisnorte.cl\/#website"},"primaryImageOfPage":{"@id":"https:\/\/polarisnorte.cl\/index.php\/salud-educacion\/#primaryimage"},"image":{"@id":"https:\/\/polarisnorte.cl\/index.php\/salud-educacion\/#primaryimage"},"thumbnailUrl":"https:\/\/polarisnorte.cl\/wp-content\/uploads\/2024\/09\/Leonardo_Kino_XL_image_of_a_Health_and_Education_company_with_0-1-1024x575.jpg","datePublished":"2024-09-24T14:05:18+00:00","dateModified":"2024-09-24T14:43:40+00:00","breadcrumb":{"@id":"https:\/\/polarisnorte.cl\/index.php\/salud-educacion\/#breadcrumb"},"inLanguage":"es-CL","potentialAction":[{"@type":"ReadAction","target":["https:\/\/polarisnorte.cl\/index.php\/salud-educacion\/"]}]},{"@type":"ImageObject","inLanguage":"es-CL","@id":"https:\/\/polarisnorte.cl\/index.php\/salud-educacion\/#primaryimage","url":"https:\/\/polarisnorte.cl\/wp-content\/uploads\/2024\/09\/Leonardo_Kino_XL_image_of_a_Health_and_Education_company_with_0-1.jpg","contentUrl":"https:\/\/polarisnorte.cl\/wp-content\/uploads\/2024\/09\/Leonardo_Kino_XL_image_of_a_Health_and_Education_company_with_0-1.jpg","width":1368,"height":768},{"@type":"BreadcrumbList","@id":"https:\/\/polarisnorte.cl\/index.php\/salud-educacion\/#breadcrumb","itemListElement":[{"@type":"ListItem","position":1,"name":"P\u00e1gina Principal","item":"https:\/\/polarisnorte.cl\/"},{"@type":"ListItem","position":2,"name":"Salud y Educaci\u00f3n"}]},{"@type":"WebSite","@id":"https:\/\/polarisnorte.cl\/#website","url":"https:\/\/polarisnorte.cl\/","name":"Polaris Norte Comunicaciones","description":"Agencia de Comunicaciones","publisher":{"@id":"https:\/\/polarisnorte.cl\/#organization"},"alternateName":"https:\/\/polarisnorte.cl","potentialAction":[{"@type":"SearchAction","target":{"@type":"EntryPoint","urlTemplate":"https:\/\/polarisnorte.cl\/?s={search_term_string}"},"query-input":{"@type":"PropertyValueSpecification","valueRequired":true,"valueName":"search_term_string"}}],"inLanguage":"es-CL"},{"@type":"Organization","@id":"https:\/\/polarisnorte.cl\/#organization","name":"Agencia de Comunicaciones Polaris Norte","alternateName":"Polaris Norte Comunicaciones","url":"https:\/\/polarisnorte.cl\/","logo":{"@type":"ImageObject","inLanguage":"es-CL","@id":"https:\/\/polarisnorte.cl\/#\/schema\/logo\/image\/","url":"https:\/\/polarisnorte.cl\/wp-content\/uploads\/2024\/09\/Recurso-31.png","contentUrl":"https:\/\/polarisnorte.cl\/wp-content\/uploads\/2024\/09\/Recurso-31.png","width":1394,"height":1394,"caption":"Agencia de Comunicaciones Polaris Norte"},"image":{"@id":"https:\/\/polarisnorte.cl\/#\/schema\/logo\/image\/"}}]}},"_links":{"self":[{"href":"https:\/\/polarisnorte.cl\/index.php\/wp-json\/wp\/v2\/pages\/8094"}],"collection":[{"href":"https:\/\/polarisnorte.cl\/index.php\/wp-json\/wp\/v2\/pages"}],"about":[{"href":"https:\/\/polarisnorte.cl\/index.php\/wp-json\/wp\/v2\/types\/page"}],"author":[{"embeddable":true,"href":"https:\/\/polarisnorte.cl\/index.php\/wp-json\/wp\/v2\/users\/1"}],"replies":[{"embeddable":true,"href":"https:\/\/polarisnorte.cl\/index.php\/wp-json\/wp\/v2\/comments?post=8094"}],"version-history":[{"count":7,"href":"https:\/\/polarisnorte.cl\/index.php\/wp-json\/wp\/v2\/pages\/8094\/revisions"}],"predecessor-version":[{"id":8123,"href":"https:\/\/polarisnorte.cl\/index.php\/wp-json\/wp\/v2\/pages\/8094\/revisions\/8123"}],"wp:attachment":[{"href":"https:\/\/polarisnorte.cl\/index.php\/wp-json\/wp\/v2\/media?parent=8094"}],"curies":[{"name":"wp","href":"https:\/\/api.w.org\/{rel}","templated":true}]}}